{"id":81,"date":"2006-05-04T13:11:19","date_gmt":"2006-05-04T04:11:19","guid":{"rendered":"http:\/\/www.soulsmithing.com\/Blog\/?page_id=81"},"modified":"2017-05-10T15:32:29","modified_gmt":"2017-05-10T19:32:29","slug":"persons","status":"publish","type":"page","link":"https:\/\/soulsmithing.com\/fr\/persons\/","title":{"rendered":"Persons"},"content":{"rendered":"<h2>Pierre Nadeau, Apprenti-forgeron de sabre<\/h2>\n<p><img decoding=\"async\" class=\"alignleft\" style=\"width:147px\" src=\"https:\/\/soulsmithing.com\/wp-content\/uploads\/2011\/05\/PortraitPres5.jpeg\" alt=\"\" \/><\/p>\n<p>&nbsp;<\/p>\n<p>Pierre Nadeau en est \u00e0 sa cinqui\u00e8me ann\u00e9e comme apprenti-forgeron de sabre au Japon.<\/p>\n<p><a href=\"https:\/\/soulsmithing.com\/persons\/nadeau\/\">Read more about Pierre&#8230;<\/a><\/p>\n<hr \/>\n<h2>Le ma\u00eetre et les mentors de Pierre<\/h2>\n<h3>Kiyota Jirokunietsu, Forgeron de sabre japonais<\/h3>\n<p><img decoding=\"async\" class=\"alignleft\" style=\"width:147px\" src=\"https:\/\/soulsmithing.com\/wp-content\/uploads\/2006\/05\/KiyotaPortrait72.jpg\" alt=\"\" \/><br \/>\n<img decoding=\"async\" src=\"https:\/\/soulsmithing.com\/wp-content\/uploads\/2006\/05\/KiyotaJirokunietsuWHITEONBLACK.jpg\" alt=\"\" \/><\/p>\n<p>Kiyota aura permis \u00e0 Pierre de p\u00e9n\u00e9trer le monde des sabres japonais. Il est r\u00e9cement moins actif comme forgeron.<\/p>\n<p><a href=\"https:\/\/soulsmithing.com\/persons\/kiyota\/\">Apprenez-en plus au sujet de Kiyota&#8230;<\/a><\/p>\n<hr \/>\n<h3>Manabe Sumihira, Forgeron de sabre japonais<\/h3>\n<p><img decoding=\"async\" class=\"alignleft\" src=\"https:\/\/soulsmithing.com\/wp-content\/uploads\/2006\/05\/ManabePortrait72.jpg\" alt=\"\" \/><br \/>\n<img decoding=\"async\" src=\"https:\/\/soulsmithing.com\/wp-content\/uploads\/2006\/05\/ManabeSumihiraKanjis.jpg\" alt=\"\" \/><\/p>\n<p>Manabe fut d&#8217;abord apprenti aupr\u00e8s du Tr\u00e9sor National Vivant Miyairi Akihira, quelques ann\u00e9es apr\u00e8s que Kawachi ait compl\u00e9t\u00e9 son apprentissage. Mais apr\u00e8s une seule ann\u00e9e, Miyairi d\u00e9c\u00e9da, for\u00e7ant Manabe \u00e0 compl\u00e9ter son apprentissage aupr\u00e8s de Kawachi.<\/p>\n<p>Il est d\u00e9sormais c\u00e9l\u00e8bre au Japon pour ses efforts consid\u00e9rables dans la recherche et red\u00e9couverte des aciers anciens, et aussi pour sa g\u00e9n\u00e9rosit\u00e9 \u00e0 enseigner et ses techniques d&#8217;imagerie du sabre.<\/p>\n<p><a href=\"http:\/\/www.sumihira.com\/\" target=\"_blank\">Visitez le site de Manabe<\/a><\/p>\n<hr \/>\n<h3>Okawa, Forgeron d&#8217;outils et de sabres japonais<\/h3>\n<p><img decoding=\"async\" class=\"alignleft\" src=\"https:\/\/soulsmithing.com\/wp-content\/uploads\/2006\/05\/OkawaPortrait.jpg\" alt=\"\" \/><br \/>\n<img decoding=\"async\" src=\"https:\/\/soulsmithing.com\/wp-content\/uploads\/2006\/05\/OkawaKanjis.jpg\" alt=\"\" \/><\/p>\n<p>M.Okawa est la troisi\u00e8me g\u00e9n\u00e9ration d&#8217;une famille de fabricants d&#8217;outils de foresterie. Il est maintenant semi-retrait\u00e9, mais forge passionn\u00e9ment \u00e0 tous les jours! R\u00e9cement il a r\u00e9ussi \u00e0 obtenir sa licence de forgeron de sabre avec l&#8217;aide de Kawachi Kunihira.<\/p>\n<p>Ses habilet\u00e9s dans la forge d&#8217;outils sont impressionantes et son exp\u00e9rience comme v\u00e9ritable forgeron artisan fait de lui quelqu&#8217;un tr\u00e8s terre-\u00e0-terre et plus efficace au travail que bien des forgerons de sable ne le seront jamais!<\/p>\n<hr \/>\n<h3>Sekiyama Kazumichi, Polisseur de sabre japonais<\/h3>\n<p><img decoding=\"async\" class=\"alignleft\" src=\"https:\/\/soulsmithing.com\/wp-content\/uploads\/2006\/05\/SekiyamaPortrait.jpg\" alt=\"\" \/><br \/>\n<img decoding=\"async\" src=\"https:\/\/soulsmithing.com\/wp-content\/uploads\/2006\/05\/SekiyamaKanjis.jpg\" alt=\"\" \/><\/p>\n<p>Un cas classique: jeune et talentueux.<\/p>\n<p>Kazumichi a le bon \u00e9tat d&#8217;esprit et niveau de patience n\u00e9cessaire \u00e0 l&#8217;apprentissage du polissage des sabres japonais. Il est aussi excellent pour tracer des oshigatas, ou relev\u00e9s de sabre.<br \/>\n<a href=\"http:\/\/www.ac.auone-net.jp\/~togishi\/\" target=\"_blank\">Visitez le site de Sekiyama<\/a><\/p>\n<hr \/>\n","protected":false},"excerpt":{"rendered":"<p>Pierre Nadeau, Apprenti-forgeron de sabre &nbsp; Pierre Nadeau en est \u00e0 sa cinqui\u00e8me ann\u00e9e comme apprenti-forgeron de sabre au Japon. Read more about Pierre&#8230; Le ma\u00eetre et les mentors de Pierre Kiyota Jirokunietsu, Forgeron de sabre japonais Kiyota aura permis \u00e0 Pierre de p\u00e9n\u00e9trer le monde des sabres japonais. Il est r\u00e9cement moins actif comme [&hellip;]<\/p>\n","protected":false},"author":2,"featured_media":590,"parent":0,"menu_order":7,"comment_status":"closed","ping_status":"closed","template":"","meta":{"footnotes":""},"class_list":["post-81","page","type-page","status-publish","has-post-thumbnail","hentry"],"_links":{"self":[{"href":"https:\/\/soulsmithing.com\/fr\/wp-json\/wp\/v2\/pages\/81","targetHints":{"allow":["GET"]}}],"collection":[{"href":"https:\/\/soulsmithing.com\/fr\/wp-json\/wp\/v2\/pages"}],"about":[{"href":"https:\/\/soulsmithing.com\/fr\/wp-json\/wp\/v2\/types\/page"}],"author":[{"embeddable":true,"href":"https:\/\/soulsmithing.com\/fr\/wp-json\/wp\/v2\/users\/2"}],"replies":[{"embeddable":true,"href":"https:\/\/soulsmithing.com\/fr\/wp-json\/wp\/v2\/comments?post=81"}],"version-history":[{"count":2,"href":"https:\/\/soulsmithing.com\/fr\/wp-json\/wp\/v2\/pages\/81\/revisions"}],"predecessor-version":[{"id":853,"href":"https:\/\/soulsmithing.com\/fr\/wp-json\/wp\/v2\/pages\/81\/revisions\/853"}],"wp:featuredmedia":[{"embeddable":true,"href":"https:\/\/soulsmithing.com\/fr\/wp-json\/wp\/v2\/media\/590"}],"wp:attachment":[{"href":"https:\/\/soulsmithing.com\/fr\/wp-json\/wp\/v2\/media?parent=81"}],"curies":[{"name":"wp","href":"https:\/\/api.w.org\/{rel}","templated":true}]}}