{"id":211,"date":"2006-12-26T07:41:00","date_gmt":"2006-12-25T22:41:00","guid":{"rendered":"http:\/\/www.soulsmithing.com\/Blog\/?page_id=211"},"modified":"2017-05-10T15:40:45","modified_gmt":"2017-05-10T19:40:45","slug":"faq","status":"publish","type":"page","link":"https:\/\/soulsmithing.com\/fr\/faq\/","title":{"rendered":"FAQ"},"content":{"rendered":"<p><strong>Bienvenue \u00e0 la FAQ de Soulsmithing.<\/strong><br \/>\n<em>N&#8217;h\u00e9sitez \u00e0 <a href=\"https:\/\/soulsmithing.com\/contact\/\">envoyer des questions<\/a> pour \u00eatre ajout\u00e9es ici!<\/em><\/p>\n<h3>SUR LA CULTURE DES SABRES JAPONAIS<\/h3>\n<p><a href=\"#BecomeApprentice\">Comment devenir apprenti-forgeron de sabre?<\/a><br \/>\n<a href=\"#OtherWeapons\">Fabriquez-vous d&#8217;autres armes \u00e0 part des sabres longs, tel que des tanto ou wakizashi?<\/a><br \/>\n<a href=\"#Shinsa\">Qu&#8217;est-ce que le shinsa et les &#8220;papiers&#8221; et pourquoi y accorde-t-on autant d&#8217;importance?<\/a><br \/>\n<a href=\"#Howmany\">Combien y a-t-il de forgerons de sabre aujourd&#8217;hui?<\/a><br \/>\n<a href=\"#Makesword\">Est-ce que n&#8217;importe qui peut acheter de l&#8217;acier tamahagane et fabriquer des sabres au Japon?<\/a><\/p>\n<h3>SUR LES SABRES JAPONAIS<\/h3>\n<p><a href=\"#Fuss\">Pourquoi les sabres japonais sont-ils si c\u00e9l\u00e8bres?<\/a><br \/>\n<a href=\"#Difference\">Quelle est la diff\u00e9rence entre une lame faite \u00e0 la machine aujourd&#8217;hui et un sabre traditionnel?<\/a><br \/>\n<a href=\"#TodaySword\">Est-ce que les sabres traditionnels fabriqu\u00e9s aujourd&#8217;hui sont un type \u00e0 part?<\/a><\/p>\n<h3>SUR LA FABRICATION DES SABRES JAPONAIS<\/p>\n<h3>\n<a href=\"#TaketoMake\">Combien de temps est-ce que \u00e7a prend pour fabriquer un sabre de la mati\u00e8re premi\u00e8re \u00e0 la pr\u00e9paration pour le polissage?<\/a><br \/>\n<a href=\"#JobLongest\">Quelle partie de votre travail prend le plus de temps?<\/a><br \/>\n<a href=\"#PolishingHowlong\">Combien de temps requiert le polissage?<\/a><br \/>\n<a href=\"#Polishbypolisher\">Est-ce que le polissage est toujours r\u00e9alis\u00e9 par un professionnel ou si le forgeron peut aussi le faire?<\/a><br \/>\n<a href=\"#Easyno\">Y a-t-il eu quelque chose que vous croyiez qui serait facile mais ne le fut pas?<\/a><br \/>\n<a href=\"#Hardno\">Y a-t-il eu quelque chose que vous croyiez qui serait difficile mais ne le fut pas?<\/a><br \/>\n<a href=\"#Brokensword\">Si un sabre est craqu\u00e9 ou cass\u00e9, peut-on le r\u00e9cup\u00e9rer?<\/a><br \/>\n<a href=\"#Resharpsword\">Est-ce qu&#8217;une sabre peut \u00eatre aiguis\u00e9 de nouveau une fois endommag\u00e9 durant le combat?<\/a><br \/>\n<a href=\"#Oneera\">Fabriquez-vous des sabres d&#8217;un seul style ou essayez-vous plusieurs \u00e9coles et diff\u00e9rents styles?<\/a><br \/>\n<a href=\"#Naginatatoo\">Est-ce que les autres armes japonaises comme les lances ou naginata sont fabriqu\u00e9es avec les m\u00eames techniques que les sabres?<\/a><\/p>\n<hr \/>\n<h3 id=\"AboutCulture\">SUR LA CULTURE DES SABRES JAPONAIS<\/h3>\n<h4 id=\"BecomeApprentice\">\u00ab Comment devenir apprenti-forgeron de sabre? \u00bb<\/h4>\n<p>(ou apprenti dans tout autre m\u00e9tier classique d&#8217;ailleurs)<br \/>\nEn \u00e9tant tr\u00e8s patient.<br \/>\nPuis en lisant\u00a0<a href=\"https:\/\/soulsmithing.com\/2007\/10\/how-to-become-a-swordsmith-apprentice-in-japan\/\">ces pages<\/a>.<\/p>\n<h4 id=\"OtherWeapons\">\u00ab Fabriquez-vous d&#8217;autres armes \u00e0 part des sabres longs, tel que des tanto ou wakizashi? \u00bb<\/h4>\n<p>Les forgerons de sabre japonais fabriquent toutes les armes des samurai: toutes les lames et parfois d&#8217;autres aussi (jutte,\u00a0suntetsu,\u00a0tetto,\u00a0kabuto-wari, etc). Nous sommes en fait les forgerons d&#8217;arme de la tradition japonaise.<\/p>\n<h4 id=\"Shinsa\">\u00ab Qu&#8217;est-ce que le shinsa et les &#8220;papiers&#8221; et pourquoi y accorde-t-on autant d&#8217;importance? \u00bb<\/h4>\n<p>Dans tous les domaines d&#8217;antiquit\u00e9s existend des experts qui offrent leurs services afin de permettre d&#8217;\u00e9valuer l&#8217;authenticit\u00e9 et la qualit\u00e9 d&#8217;une pi\u00e8ce. Qu&#8217;il s&#8217;agisse d&#8217;\u00e9gyptologues ou d&#8217;experts japonais, chacun travaille dans sa branche de sp\u00e9cialit\u00e9<\/p>\n<p>Un\u00a0shinsa\u00a0est une session d&#8217;expertise. Dans le cas des sabres, montures de sabre ou autre antiquit\u00e9 de samurai, ils sont tenus par des organisations comme la\u00a0<a href=\"http:\/\/www.touken.or.jp\/\" target=\"_blank\">NTBTHK<\/a>, la<a href=\"http:\/\/nihontouken.org\/\" target=\"_blank\">NTHK<\/a>, la\u00a0<a href=\"http:\/\/www.nthk.net\/\" target=\"_blank\">NTHK-NPO<\/a>, et d&#8217;autres moins connues, plus locales \u00e0 travers le Japon. (la toute nouvelle\u00a0<a href=\"https:\/\/soulsmithing.com\/LIBRARY\/ARTICLES\/NBSKEN.html\" target=\"_blank\">NBSK<\/a> n&#8217;offre encore aucun service de\u00a0shinsa).<\/p>\n<p>Les\u00a0shinsa\u00a0sont tenus \u00e0 des p\u00e9riodes prescrites. Les sabres ou autres objets sont soumis et passent par un processus examinatoire. Le r\u00e9sultat est \u00e9tabli et, si la pi\u00e8ce est consid\u00e9r\u00e9e authentique, un certificat, ou\u00a0kantei-sho, peut \u00eatre produit.<\/p>\n<p>Les collectionneurs occidentaux mettent beaucoup d&#8217;emphase sur la pr\u00e9sence ou l&#8217;absence d&#8217;un tel certificate, ou \u00abpapier\u00bb, avec un sabre ou une pi\u00e8ce de monture donn\u00e9e, tandis que les Japonais ont plut\u00f4t tendance \u00e0 faire confiance \u00e0 leurs connaissances ainsi que leur marchand habituel. Au Japon il est consid\u00e9r\u00e9 g\u00eanant de s&#8217;int\u00e9resser au papier d&#8217;un sabre, ainsi d\u00e9montrant son incapacit\u00e9 \u00e0 juger par soi-m\u00eame.<\/p>\n<p>La v\u00e9rit\u00e9 est que tr\u00e8s peu d&#8217;individus on les connaissances n\u00e9cessaires permettant de correctemetn juger une lame, mais il est aussi vrai que de trop s&#8217;en remettre aux certificats constitue un grand risque et peut emp\u00eacher de pleinement profiter d&#8217;un sabre. Il est important de garder \u00e0 l&#8217;esprit que les\u00a0kantei-sho\u00a0produits \u00e0 une session deshinsa\u00a0ne sont, en bout ligne, qu&#8217;une opinion humaine faillible et influen\u00e7able. Plusieurs cas d&#8217;erreurs ou de corruption ont \u00e9t\u00e9 observ\u00e9s dans le pass\u00e9.<\/p>\n<h4 id=\"Howmany\">\u00ab Combien y a-t-il de forgerons de sabre aujourd&#8217;hui? \u00bb<\/h4>\n<p>J&#8217;ai pris la pein d&#8217;appeler l&#8217;Agence des Affaires Culturelles afin d&#8217;obtenir une r\u00e9ponse pr\u00e9cise. La r\u00e9ponse fut: \u00ab On ne garde pas de registre concernant le nombre exact. \u00bb \u00c7a aurait pu \u00eatre interpr\u00e9t\u00e9 comme un refus, mais la personne m&#8217;a quand m\u00eame donn\u00e9 toutes sortes de statistiques et de nombres exacts sur l&#8217;enregistrement des lames et d&#8217;autres d\u00e9tails.<\/p>\n<p>On s&#8217;entend g\u00e9n\u00e9ralement pour dire qu&#8217;environ 300 individus poss\u00e8dent la licence n\u00e9cessaire pour fabriquer des sabres au Japon. Cependant, on croit que\u00a0 seulement une centaine sont en fait actifs \u00e0 temps plein et que moins de la moiti\u00e9 de ce nombre en vivent bien.<\/p>\n<h4 id=\"Makesword\">\u00ab Est-ce que n&#8217;importe qui peut acheter de l&#8217;acier tamahagane et fabriquer des sabres au Japon? \u00bb<\/h4>\n<p>Non. Seuls les d\u00e9tenteurs de la licence de forgeron ont le droit de se procurer dutamahagane\u00a0produit en coop\u00e9ration avec la compagnie\u00a0<a href=\"http:\/\/www.hitachi-metals.co.jp\/e\/tatara\/index.htm\" target=\"_blank\">Hitachi Materials<\/a>, la\u00a0<a href=\"http:\/\/www.touken.or.jp\/\" target=\"_blank\">NTBTHK<\/a> et l&#8217;Agence pour les Affaires Culturelles seulement pour les forgerons de sabre japonais.<\/p>\n<p>De plus, comme les sabres japonais sont \u00e0 la fois une arme et leur fabrication une tradition de m\u00e9tier classique, seuls les d\u00e9tenteurs de la licence ont le droit de les fabriquer. Ils doivent aussi limiter leur production \u00e0 deux longs sabres par mois ou leur \u00e9quivalent (un\u00a0wakizashi, ou sabre court, est consid\u00e9r\u00e9 comme deux tiers et un\u00a0tanto, or dague, un tiers d&#8217;un sabre long).<\/p>\n<h3 id=\"AboutDef\">SUR LES SABRES JAPONAIS<\/h3>\n<h4 id=\"Fuss\">\u00ab Pourquoi les sabres japonais sont-ils si c\u00e9l\u00e8bres? \u00bb<\/h4>\n<p>Bien qu&#8217;ils fut \u00e0 l&#8217;origine fabriqu\u00e9s comme de simples armes, un peu \u00e0 l&#8217;image des autres m\u00e9tiers au Japon, leur fabrication a \u00e9t\u00e9 \u00e9lev\u00e9e en un art raffin\u00e9. Plus de cents sabres japonais ont \u00e9t\u00e9 d\u00e9clar\u00e9s Tr\u00e9sors National, un fait inexistant dans d&#8217;autres parties du monde.<\/p>\n<p>On appr\u00e9cie les sabres japonais pour plusieurs raisons selon les go\u00fbts de chacun. Tous, par contre, sont d&#8217;accord sur les points suivants:<\/p>\n<ul>\n<li>Les technologies utilis\u00e9es dans leur fabrication est au-del\u00e0 de la compr\u00e9hension compl\u00e8te des scientifiques modernes: on comprend, mais on ne peut reproduire les chef d&#8217;oeuvre des anciens temps.\n<\/li>\n<li>Les habilet\u00e9s n\u00e9cessaires pour fabriquer avec succ\u00e8s un sabre demndent une vie de pratique \u00e0 plusieurs individus. En effet, un seul sabre requiert de cinq \u00e0 huit artisans pour \u00eatre compl\u00e9t\u00e9.\n<\/li>\n<li>\nD&#8217;un point de vue esth\u00e9tique, les sabres japonais pr\u00e9sentent un certain nombre de points qui plaisent \u00e0 l&#8217;oeil: une \u00e9l\u00e9gante courbure, de fines lignes, le grain de l&#8217;acier, comme dans le bois, puis la marque de trempe, ou hamon, une caract\u00e9ristique unique. De plus, les montures du sabre japonais sont un univers en elles-m\u00eames et plusieurs collecteurs ne concentrent que sur cet aspect.\n<\/li>\n<\/ul>\n<p>Mais les mots ne remplaceront jamais l&#8217;exp\u00e9rience de\u00a0<a href=\"https:\/\/soulsmithing.com\/GALLERIES\/KIYOTA\/KunietsuGalleryFR.html\">voir un sabre<\/a>! Prenez toutes les opportunit\u00e9s que vous aurez pour voir des chefs d&#8217;oeuvre dans des livres, des mus\u00e9es et faites attentions aux lignes, \u00e0 la texture de l&#8217;acier ou la marque de trempe, et \u00e0 l&#8217;age, puisque la plupart des bonnes lames sont vieilles de plusieurs si\u00e8cles.<\/p>\n<h4 id=\"Difference\">\u00ab Quelle est la diff\u00e9rence entre une lame faite \u00e0 la machine aujourd&#8217;hui et un sabre traditionnel? \u00bb<\/h4>\n<p>Voil\u00e0 une question \u00e0 la fois bien simple et tr\u00e8s complexe! De fa\u00e7on g\u00e9n\u00e9rale, tous les sabres japonais sont les m\u00eames. Ils ont tous un seul tranchant, une courbure, tout ce qui fait la &#8220;forme typique du sabre japonais&#8221;. Mais qu&#8217;est-ce qui fait que certains collectionneurs paient le prix d&#8217;une maison pour certaines lames et m\u00eame pas celui d&#8217;une planche pour d&#8217;autres? Quelle est la diff\u00e9rence entre vin de d\u00e9panneur et un grand cru? Apr\u00e8s tout, ils ne sont tous deux que du jus de raisin press\u00e9 et ferment\u00e9.<\/p>\n<p>Entre la m\u00e9diocrit\u00e9 et les chefs d&#8217;oeuvre, tout est dans les d\u00e9tails. Nous s\u00e9parons d&#8217;abord les sabres faits de mat\u00e9riaux modernes de ceux des techniques traditionnels. Le but des derniers est de pr\u00e9server la tradition, rien d&#8217;autre, tandis que celui des premiers est de performer \u00e9conomiquement ou utilitairement lors de tests.<\/p>\n<p>Les sabres traditionnels sont fabriqu\u00e9s afin de bien performer \u00e0 l&#8217;int\u00e9rieur des limites technologiques de la tradition. Tout est fait \u00e0 la main, en commen\u00e7ant par l&#8217;acier lui-m\u00eame, la forge, le polissage final et les montures d&#8217;un sabre. Aussi, ils ne devraient non seulement \u00eatre fabriqu\u00e9s pour ne point casser ni plier et bien couper, mais aussi pour plaire \u00e0 l&#8217;observateur tel qu&#8217;un objet d&#8217;art.<\/p>\n<h4 id=\"TodaySword\">\u00ab Est-ce que les sabres traditionnels fabriqu\u00e9s aujourd&#8217;hui sont un type \u00e0 part? \u00bb<\/h4>\n<p>Notre travail est de pr\u00e9server une tradition. Aujourd&#8217;hui les sabres sont inutiles en tant qu&#8217;armes. On pourrait fabriquer des lames bien plus performantes, plus solides et incassables avec des alliages modernes. L&#8217;id\u00e9e est de cr\u00e9er ces chef d&#8217;oeuvre avec les techniques m\u00e9di\u00e9vales. Nous reproduisons ou nous inspirons d&#8217;\u00e9coles anciennes. Il est toutefois vrai que les sabres modernes sont appel\u00e9s Gendaito. M\u00eame si nous tentons de travailler \u00e0 l&#8217;int\u00e9rieur des limites de la tradition, tout ce qui est fabriqu\u00e9 par des individus pr\u00e9sentera des traits individuels et il est ainsi impossible pour un sabre nouveau d&#8217;imiter un autre de 700 ans.<\/p>\n<h3 id=\"AboutManuf\">SUR LA FABRICATION DES SABRES JAPONAIS<\/h3>\n<h4 id=\"TaketoMake\">\u00ab Combien de temps est-ce que \u00e7a prend pour fabriquer un sabre de la mati\u00e8re premi\u00e8re \u00e0 la pr\u00e9paration pour le polissage?\u00a0\u00bb<\/h4>\n<p>On m&#8217;a souvent demand\u00e9 et j&#8217;ai pris de le temps de calculer le temps exact pass\u00e9 \u00e0 fabriquer un sabre. J&#8217;ai \u00e9valu\u00e9 qu&#8217;il y a environ l&#8217;\u00e9quivalent de six semaines (environ 35-40 jours) dans la partie du forgeron. Le probl\u00e8me de cette question est qu&#8217;aucun sabre n&#8217;est jamais fabriqu\u00e9 du d\u00e9but \u00e0 la fin d&#8217;un seul coup.<\/p>\n<p>Imaginez un pottier: il peut pr\u00e9pare de l&#8217;argile pour l&#8217;\u00e9quivalent d&#8217;un mois de production, tourner des pots pour une semaine, m\u00e9langer une nouvelle gla\u00e7ure pendant qu&#8217;ils s\u00e8chent, retourner \u00e0 ses pots, p\u00e9trir plus d&#8217;argile, etc&#8230;<br \/>\n<small>\u2014 Combien de temps \u00e7a vous prend pour faire un pot ?<br \/>\n\u2014 euh&#8230;<\/small><br \/>\n(et la r\u00e9ponse serait n&#8217;importe o\u00f9 entre un jour et un an et la t\u00e9l\u00e9vision affirmerait que &#8220;\u00e7a prend plusieurs ann\u00e9es pour faire un pot!&#8221;)<\/p>\n<p>On travaille sur plusieurs lames en m\u00eame temps. On fait des erreurs. On fait de la recherche. Puis les lames doivent visiter d&#8217;autres artisans afin d&#8217;\u00eatre compl\u00e9t\u00e9es et ces artisans ont leur propre horaire. On livre normalement un sabre entre un et quatre ans apr\u00e8s le placement de la commande, mais \u00e7a ne prend pas autant de temps pour faire une seule lame.<\/p>\n<p>Dans l&#8217;ancien temps, les forgerons travaillaient dans des ateliers o\u00f9 des centaines d&#8217;artisans \u00e9taient sp\u00e9cialis\u00e9s en un aspect de la fabrication. On y trouverait des forgerons, des trempeurs, des limeurs&#8230;<\/p>\n<h4 id=\"JobLongest\">\u00ab Quelle partie de votre travail prend le plus de temps? \u00bb<\/h4>\n<p>\u00c7a d\u00e9pend de qui travaille et de quelle technique il a choisi. Toutefois,\u00a0tanren\u00a0et\u00a0kaji-oshisont les \u00e9tapes les plus longues.<\/p>\n<p>Tanren. Le forgeage-pliage, ou p\u00e9trissage en quelque sorte de l&#8217;acier brut afin de le pr\u00e9parer et le transformer en une mati\u00e8re utile. Selon les techniques et la d\u00e9finitions du d\u00e9but et de la fin de\u00a0tanren, \u00e7a prend environ de deux \u00e0 cinq jours pleins (&#8220;pleins&#8221; voulant dire manger en forgeant, sans blague)<\/p>\n<p>Kaji-oshi. Tout le travail effectu\u00e9 apr\u00e8s la trempe d&#8217;un sabre. \u00c7a implique le redressage, l&#8217;ajustement de la courbure, le raffinement des lignes et des plans, la gravure de rainures, etc. Les derni\u00e8res \u00e9tapes de\u00a0kaji-oshi\u00a0et les premi\u00e8res \u00e9tapes du polisseurs sont en fait les m\u00eames. Ils doivent se chevaucher afin de que le polisseur puisse bien reprendre le travail du forgeron.<\/p>\n<h4 id=\"PolishingHowlong\">\u00ab Combien de temps requiert le polissage? \u00bb<\/h4>\n<p>Les polisseurs prennent environ dix jours pour compl\u00e9ter leur part du travail, tandis que les fabricants de saya et habaki un peu moins. Cela d\u00e9pend de qui, du style et du niveau de travail. Au d\u00e9but du XXe si\u00e8cle, le standard des polisseurs \u00e9taient une journ\u00e9e par sabre! Je me demande ce qu&#8217;ils faisaient exactement.<\/p>\n<h4 id=\"Polishbypolisher\">\u00ab Est-ce que le polissage est toujours r\u00e9alis\u00e9 par un professionnel ou si le forgeron peut aussi le faire? \u00bb<\/h4>\n<p>L&#8217;apprentissage d&#8217;un forgeron de sabre dure entre cinq et sept ans. Celui d&#8217;un polisseur est dix. Je ne crois pas que la plupart des gens puissent devenir comp\u00e9tent dans les deux (ou n&#8217;importe quel deux) m\u00e9tiers dans une seule vie. Quelqu&#8217;un avec la bonne force d&#8217;esprit et le focus (dans les lignes de &#8220;travail avant femme, avant enfants, avant argent, avant manger, avant maison, avant sant\u00e9&#8221;) pourrait y arriver, mais je ne vois pas la motivation. M\u00eame DaVinci ne terminait jamais ce qu&#8217;il commen\u00e7ait et a perdu beaucoup de support ainsi. Ce n&#8217;est pas cinq d&#8217;apprentissage puis la libert\u00e9, mais plut\u00f4t trente ans de travail stable, rigoureux, afin d&#8217;arriver \u00e0 un niveau int\u00e9ressant, sans blague. Alors non, les forgerons ne polissent pas et les polisseurs ne forgent pas.<\/p>\n<h4 id=\"Easyno\">\u00ab Y a-t-il eu quelque chose que vous croyiez qui serait facile mais ne le fut pas? \u00bb<\/h4>\n<p>La coupe du charbon. C&#8217;est un art, sans blague.<\/p>\n<h4 id=\"Hardno\">\u00ab Y a-t-il eu quelque chose que vous croyiez qui serait difficile mais ne le fut pas? \u00bb<\/h4>\n<p>L&#8217;horaire de travail de mon ma\u00eetre au d\u00e9part.<br \/>\nQuant au travail lui-m\u00eame, tout est difficile. Tr\u00e8s difficile.<\/p>\n<p>Comme Kawachi l&#8217;a dit: &#8220;Tout est difficile si tu le fais pour vrai.&#8221; C&#8217;est exactement \u00e7a. M\u00eame le travail le plus insignifiant devient tr\u00e8s complexe, et une v\u00e9ritable source d&#8217;\u00e9merveillement, si on s&#8217;y donne corps et \u00e2me.<\/p>\n<h4 id=\"Brokensword\">\u00ab Si un sabre est craqu\u00e9 ou cass\u00e9, peut-on le r\u00e9cup\u00e9rer? \u00bb<\/h4>\n<p>On peut seulement le raccourcir de la soie et non de la pointe. On ne peut donc fabriquer quelque chose qu&#8217;avec la portion non endommag\u00e9e entre la pointe et la partie endommag\u00e9e. Si vous avez une craque \u00e0 10cm de la pointe, vous pouvez fabriquer un ouvre-lettre. Si la craque est pr\u00e8s de la base, on peut fabriquer un sabre plus court ou une dague.<\/p>\n<p>On peut toujours recycler l&#8217;acier, mais tr\u00e8s peu le font. \u00c7a implique \u00e9norm\u00e9ment de travail, c&#8217;est co\u00fbteux et le rendement est mauvais.<\/p>\n<p>Une craque ne peut \u00eatre r\u00e9par\u00e9e, mais un pli peut l&#8217;\u00eatre.<br \/>\n(vous pouvez aussi appliquer du ruban adh\u00e9sif, mais un connaisseur ne s&#8217;y laisserait pas prendre ;-)<\/p>\n<h4 id=\"Resharpsword\">\u00ab Est-ce qu&#8217;une sabre peut \u00eatre aiguis\u00e9 de nouveau une fois endommag\u00e9 durant le combat?\u00a0\u00bb<\/h4>\n<p>Les sabres peuvent \u00eatre et sont r\u00e9-aiguis\u00e9s: c&#8217;est le travail du polisseur. Cependant, l&#8217;aiguisage implique la perte de mati\u00e8re et ainsi la lente descruction du sabre: le moins possible.<\/p>\n<h4 id=\"Oneera\">\u00ab Fabriquez-vous des sabres d&#8217;un seul style ou essayez-vous plusieurs \u00e9coles et diff\u00e9rents styles? \u00bb<\/h4>\n<p>Pr\u00e9sentement en apprentissage, j&#8217;\u00e9tudie donc toutes les \u00e9coles et p\u00e9riodes de l&#8217;histoire. \u00c9ventuellement, on trouve un style dans lequel on choisit de pousser la recherche. C&#8217;est important pour \u00e9voluer: avoir un focus et progresser, sinon on n&#8217;avance jamais.<\/p>\n<h4 id=\"Naginatatoo\">\u00ab Est-ce que les autres armes japonaises comme les lances ou naginata sont fabriqu\u00e9es avec les m\u00eames techniques que les sabres? \u00bb<\/h4>\n<p>Elles sont fabriqu\u00e9s exactement par les m\u00eames techniques, seulement d&#8217;une autre forme!<\/p>\n","protected":false},"excerpt":{"rendered":"<p>Bienvenue \u00e0 la FAQ de Soulsmithing. N&#8217;h\u00e9sitez \u00e0 envoyer des questions pour \u00eatre ajout\u00e9es ici! SUR LA CULTURE DES SABRES JAPONAIS Comment devenir apprenti-forgeron de sabre? Fabriquez-vous d&#8217;autres armes \u00e0 part des sabres longs, tel que des tanto ou wakizashi? Qu&#8217;est-ce que le shinsa et les &#8220;papiers&#8221; et pourquoi y accorde-t-on autant d&#8217;importance? Combien y [&hellip;]<\/p>\n","protected":false},"author":2,"featured_media":296,"parent":0,"menu_order":4,"comment_status":"closed","ping_status":"closed","template":"","meta":{"footnotes":""},"class_list":["post-211","page","type-page","status-publish","has-post-thumbnail","hentry"],"_links":{"self":[{"href":"https:\/\/soulsmithing.com\/fr\/wp-json\/wp\/v2\/pages\/211","targetHints":{"allow":["GET"]}}],"collection":[{"href":"https:\/\/soulsmithing.com\/fr\/wp-json\/wp\/v2\/pages"}],"about":[{"href":"https:\/\/soulsmithing.com\/fr\/wp-json\/wp\/v2\/types\/page"}],"author":[{"embeddable":true,"href":"https:\/\/soulsmithing.com\/fr\/wp-json\/wp\/v2\/users\/2"}],"replies":[{"embeddable":true,"href":"https:\/\/soulsmithing.com\/fr\/wp-json\/wp\/v2\/comments?post=211"}],"version-history":[{"count":2,"href":"https:\/\/soulsmithing.com\/fr\/wp-json\/wp\/v2\/pages\/211\/revisions"}],"predecessor-version":[{"id":858,"href":"https:\/\/soulsmithing.com\/fr\/wp-json\/wp\/v2\/pages\/211\/revisions\/858"}],"wp:featuredmedia":[{"embeddable":true,"href":"https:\/\/soulsmithing.com\/fr\/wp-json\/wp\/v2\/media\/296"}],"wp:attachment":[{"href":"https:\/\/soulsmithing.com\/fr\/wp-json\/wp\/v2\/media?parent=211"}],"curies":[{"name":"wp","href":"https:\/\/api.w.org\/{rel}","templated":true}]}}