{"id":2,"date":"2008-05-04T16:26:02","date_gmt":"2008-05-04T07:26:02","guid":{"rendered":"http:\/\/soulsmithing.com\/Blog\/?page_id=2"},"modified":"2017-05-10T15:29:23","modified_gmt":"2017-05-10T19:29:23","slug":"about","status":"publish","type":"page","link":"https:\/\/soulsmithing.com\/fr\/about\/","title":{"rendered":"About"},"content":{"rendered":"<p><em>Soulsmithing se veut une fen\u00eatre sur la forge traditionnelle des sabres japonais \u00e0 travers l&#8217;exp\u00e9rience de l&#8217;apprenti Pierre Nadeau et ses mentors.<\/em><\/p>\n<p><a href=\"http:\/\/soulsmithing.tmkdj.com\/persons\/nadeau\/\"><img loading=\"lazy\" decoding=\"async\" src=\"https:\/\/soulsmithing.com\/wp-content\/uploads\/2011\/05\/PortraitPres5.jpeg\" alt=\"\" title=\"Pierre Nadeau\" width=\"250\" height=\"250\" class=\"alignright size-full wp-image-71\" srcset=\"https:\/\/soulsmithing.com\/wp-content\/uploads\/2011\/05\/PortraitPres5.jpeg 250w, https:\/\/soulsmithing.com\/wp-content\/uploads\/2011\/05\/PortraitPres5-100x100.jpeg 100w, https:\/\/soulsmithing.com\/wp-content\/uploads\/2011\/05\/PortraitPres5-150x150.jpeg 150w\" sizes=\"auto, (max-width: 250px) 100vw, 250px\" \/><\/a><\/p>\n<blockquote style=\"margin-top:40px;margin-bottom:40px\"><p>\u00ab En fin de compte un boulot n&#8217;est pas<br \/>\njuste un boulot, mais qui l&#8217;on est<br \/>\n Si on veut changer qui on est,<br \/>\nil faut changer de boulot. \u00bb<br \/>\n<cite>Repo men<\/cite><\/p><\/blockquote>\n<p>Pierre Nadeau en est \u00e0 sa cinqui\u00e8me ann\u00e9e comme apprenti-forgeron de sabre au Japon.<\/p>\n<p>Ce site se veut une fen\u00eatre sur ce monde ainsi qu&#8217;un centre de ressources pour tous ceux d\u00e9sirant en apprendre davantage directement \u00e0 la source.<\/p>\n<hr \/>\n<p><strong><br \/>\nLearn more about <a href=\"https:\/\/soulsmithing.com\/persons\/nadeau\/\">Pierre<\/a>.<br \/>\n<a href=\"https:\/\/soulsmithing.com\/persons\/\">Le ma\u00eetre et les mentors<\/a> de Pierre.<br \/>\nSee what others are saying in the <a href=\"https:\/\/soulsmithing.com\/category\/press\/\">Press archive<\/a>.<br \/>\nSuivez la r\u00e9alisation d&#8217;un sabre sur le <a href=\"https:\/\/soulsmithing.com\/category\/making\/\">blog de Soulsmithing<\/a>.<br \/>\n<\/strong><\/p>\n","protected":false},"excerpt":{"rendered":"<p>Soulsmithing se veut une fen\u00eatre sur la forge traditionnelle des sabres japonais \u00e0 travers l&#8217;exp\u00e9rience de l&#8217;apprenti Pierre Nadeau et ses mentors. \u00ab En fin de compte un boulot n&#8217;est pas juste un boulot, mais qui l&#8217;on est Si on veut changer qui on est, il faut changer de boulot. \u00bb Repo men Pierre Nadeau [&hellip;]<\/p>\n","protected":false},"author":2,"featured_media":297,"parent":0,"menu_order":1,"comment_status":"closed","ping_status":"closed","template":"","meta":{"footnotes":""},"class_list":["post-2","page","type-page","status-publish","has-post-thumbnail","hentry"],"_links":{"self":[{"href":"https:\/\/soulsmithing.com\/fr\/wp-json\/wp\/v2\/pages\/2","targetHints":{"allow":["GET"]}}],"collection":[{"href":"https:\/\/soulsmithing.com\/fr\/wp-json\/wp\/v2\/pages"}],"about":[{"href":"https:\/\/soulsmithing.com\/fr\/wp-json\/wp\/v2\/types\/page"}],"author":[{"embeddable":true,"href":"https:\/\/soulsmithing.com\/fr\/wp-json\/wp\/v2\/users\/2"}],"replies":[{"embeddable":true,"href":"https:\/\/soulsmithing.com\/fr\/wp-json\/wp\/v2\/comments?post=2"}],"version-history":[{"count":3,"href":"https:\/\/soulsmithing.com\/fr\/wp-json\/wp\/v2\/pages\/2\/revisions"}],"predecessor-version":[{"id":850,"href":"https:\/\/soulsmithing.com\/fr\/wp-json\/wp\/v2\/pages\/2\/revisions\/850"}],"wp:featuredmedia":[{"embeddable":true,"href":"https:\/\/soulsmithing.com\/fr\/wp-json\/wp\/v2\/media\/297"}],"wp:attachment":[{"href":"https:\/\/soulsmithing.com\/fr\/wp-json\/wp\/v2\/media?parent=2"}],"curies":[{"name":"wp","href":"https:\/\/api.w.org\/{rel}","templated":true}]}}