{"id":189,"date":"2007-12-28T19:36:31","date_gmt":"2007-12-28T10:36:31","guid":{"rendered":"http:\/\/www.soulsmithing.com\/Blog\/?page_id=189"},"modified":"2007-12-28T19:36:31","modified_gmt":"2007-12-28T10:36:31","slug":"links","status":"publish","type":"page","link":"https:\/\/soulsmithing.com\/fr\/links\/","title":{"rendered":"Links"},"content":{"rendered":"<p><strong>Ressources et autres sites Internet sur les sabres japonais<\/strong><\/p>\n<p><a href=\"#artisans\">Artisans<\/a><br \/>\n<a href=\"#resources\">Resources<\/a><br \/>\n<a href=\"#collecting\">Collecting<\/a><\/p>\n<h3 id=\"artisans\">Artisans<\/h3>\n<h4><a href=\"http:\/\/www.sumihira.com\/\">Manabe Sumihira<\/a><\/h4>\n<p>Mentor en forge et sid\u00e9rurgie de Pierre,<br \/>\nManabe a \u00e9t\u00e9 l&#8217;un des premiers \u00e0 publier un site Web d\u00e9di\u00e9<br \/>\naux sabres japonais vers le milieu des ann\u00e9es 1990. Son site Web<br \/>\ncontient une foule de d\u00e9tails sur la fabrication d&#8217;acier et des sabres.<\/p>\n<hr \/>\n<h4><a href=\"http:\/\/fordhallam.com\/\">Ford Hallam<\/a><\/h4>\n<p>Ayant appris son m\u00e9tier comme joalier classique en Angleterre,<br \/>\nil est ensuite venu comme apprenti visiteur chez Izumi Kochiro<br \/>\nau Japon pour apprendre la tradition des m\u00e9taux fins. Ford a<br \/>\nconcentr\u00e9 ses efforts sur la recherche et red\u00e9couverte des<br \/>\nmontures de sabres japonaises, recr\u00e9ant avec succ\u00e8s des gardes<br \/>\nc\u00e9l\u00e8bres et cr\u00e9ant son propre art.<\/p>\n<p>Il travaille \u00e0 partir des mati\u00e8res premi\u00e8res et<br \/>\nfabrique ses propres alliages et patines.<\/p>\n<p><a href=\"http:\/\/followingtheironbrush.blogspot.com\/\">Le blog de Ford<\/a><br \/>\n<a href=\"http:\/\/ironbrush.shutterfly.com\/?role=-1\">Le groupe de discussion de Ford<\/a><\/p>\n<h3 id=\"resources\">Resources<\/h3>\n<p><a href=\"http:\/\/www.lonelyplanet.com\/japan\/\">Lonely Planet Japan<\/a><\/p>\n<h3 id=\"collecting\">Collecting<\/h3>\n<p><a href=\"http:\/\/www.touken.or.jp\/english\/english%20information.html\">NBTHK<\/a><\/p>\n<p><a href=\"http:\/\/thejapanesesword.com\/\">thejapanesesword.com<\/a><\/p>\n","protected":false},"excerpt":{"rendered":"<p>Ressources et autres sites Internet sur les sabres japonais Artisans Resources Collecting Artisans Manabe Sumihira Mentor en forge et sid\u00e9rurgie de Pierre, Manabe a \u00e9t\u00e9 l&#8217;un des premiers \u00e0 publier un site Web d\u00e9di\u00e9 aux sabres japonais vers le milieu des ann\u00e9es 1990. Son site Web contient une foule de d\u00e9tails sur la fabrication d&#8217;acier [&hellip;]<\/p>\n","protected":false},"author":2,"featured_media":294,"parent":0,"menu_order":3,"comment_status":"closed","ping_status":"closed","template":"","meta":{"footnotes":""},"class_list":["post-189","page","type-page","status-publish","has-post-thumbnail","hentry"],"_links":{"self":[{"href":"https:\/\/soulsmithing.com\/fr\/wp-json\/wp\/v2\/pages\/189","targetHints":{"allow":["GET"]}}],"collection":[{"href":"https:\/\/soulsmithing.com\/fr\/wp-json\/wp\/v2\/pages"}],"about":[{"href":"https:\/\/soulsmithing.com\/fr\/wp-json\/wp\/v2\/types\/page"}],"author":[{"embeddable":true,"href":"https:\/\/soulsmithing.com\/fr\/wp-json\/wp\/v2\/users\/2"}],"replies":[{"embeddable":true,"href":"https:\/\/soulsmithing.com\/fr\/wp-json\/wp\/v2\/comments?post=189"}],"version-history":[{"count":0,"href":"https:\/\/soulsmithing.com\/fr\/wp-json\/wp\/v2\/pages\/189\/revisions"}],"wp:featuredmedia":[{"embeddable":true,"href":"https:\/\/soulsmithing.com\/fr\/wp-json\/wp\/v2\/media\/294"}],"wp:attachment":[{"href":"https:\/\/soulsmithing.com\/fr\/wp-json\/wp\/v2\/media?parent=189"}],"curies":[{"name":"wp","href":"https:\/\/api.w.org\/{rel}","templated":true}]}}