{"id":155,"date":"2008-05-04T17:01:21","date_gmt":"2008-05-04T08:01:21","guid":{"rendered":"http:\/\/www.soulsmithing.com\/Blog\/?page_id=155"},"modified":"2008-05-04T17:01:21","modified_gmt":"2008-05-04T08:01:21","slug":"contact","status":"publish","type":"page","link":"https:\/\/soulsmithing.com\/fr\/contact\/","title":{"rendered":"Contact"},"content":{"rendered":"<div style=\"width:100%;text-align:center\">\n<p><strong>Vous pouvez contacter Pierre Nadeau <br \/>par l&#8217;entremise de Soulsmithing.<\/strong><\/p>\n<p><em>Veuillez prendre en note qu&#8217;en raison du volume grandissant <br \/>de courriels re\u00e7u, des d\u00e9lais \u00e0 r\u00e9pondre peuvent s&#8217;imposer!<\/em><\/p>\n<p><ins> pierre.nadeau &#8220;@&#8221; soulsmithing.com <\/ins><\/p>\n<p><em><small>&#8211; retirer les guillements et espaces &#8211;<\/small><\/em><\/p>\n<p>&nbsp;<\/p>\n<p><strong>Souscrir a Soulsmithing.com<br \/> par email<\/strong><\/p>\n<p><!--subscribe2--><\/p>\n<\/div>\n","protected":false},"excerpt":{"rendered":"<p>Vous pouvez contacter Pierre Nadeau par l&#8217;entremise de Soulsmithing. Veuillez prendre en note qu&#8217;en raison du volume grandissant de courriels re\u00e7u, des d\u00e9lais \u00e0 r\u00e9pondre peuvent s&#8217;imposer! pierre.nadeau &#8220;@&#8221; soulsmithing.com &#8211; retirer les guillements et espaces &#8211; &nbsp; Souscrir a Soulsmithing.com par email<\/p>\n","protected":false},"author":2,"featured_media":295,"parent":0,"menu_order":2,"comment_status":"closed","ping_status":"closed","template":"","meta":{"footnotes":""},"class_list":["post-155","page","type-page","status-publish","has-post-thumbnail","hentry"],"_links":{"self":[{"href":"https:\/\/soulsmithing.com\/fr\/wp-json\/wp\/v2\/pages\/155","targetHints":{"allow":["GET"]}}],"collection":[{"href":"https:\/\/soulsmithing.com\/fr\/wp-json\/wp\/v2\/pages"}],"about":[{"href":"https:\/\/soulsmithing.com\/fr\/wp-json\/wp\/v2\/types\/page"}],"author":[{"embeddable":true,"href":"https:\/\/soulsmithing.com\/fr\/wp-json\/wp\/v2\/users\/2"}],"replies":[{"embeddable":true,"href":"https:\/\/soulsmithing.com\/fr\/wp-json\/wp\/v2\/comments?post=155"}],"version-history":[{"count":0,"href":"https:\/\/soulsmithing.com\/fr\/wp-json\/wp\/v2\/pages\/155\/revisions"}],"wp:featuredmedia":[{"embeddable":true,"href":"https:\/\/soulsmithing.com\/fr\/wp-json\/wp\/v2\/media\/295"}],"wp:attachment":[{"href":"https:\/\/soulsmithing.com\/fr\/wp-json\/wp\/v2\/media?parent=155"}],"curies":[{"name":"wp","href":"https:\/\/api.w.org\/{rel}","templated":true}]}}