{"id":1377,"date":"2023-01-01T10:57:34","date_gmt":"2023-01-01T15:57:34","guid":{"rendered":"https:\/\/soulsmithing.com\/fr\/?page_id=1377"},"modified":"2023-01-01T22:04:18","modified_gmt":"2023-01-02T03:04:18","slug":"frontpage-bio","status":"publish","type":"page","link":"https:\/\/soulsmithing.com\/fr\/frontpage\/frontpage-bio\/","title":{"rendered":"frontpage-bio"},"content":{"rendered":"<p>Pierre Nadeau en est \u00e0 sa cinqui\u00e8me ann\u00e9e comme apprenti-forgeron de sabre au Japon. <a href=\"https:\/\/soulsmithing.com\/fr\/persons\/nadeau\/\">Learn More<\/a><\/p>\n","protected":false},"excerpt":{"rendered":"<p>Pierre Nadeau en est \u00e0 sa cinqui\u00e8me ann\u00e9e comme apprenti-forgeron de sabre au Japon. Learn More<\/p>\n","protected":false},"author":1,"featured_media":0,"parent":1336,"menu_order":0,"comment_status":"closed","ping_status":"closed","template":"","meta":{"footnotes":""},"class_list":["post-1377","page","type-page","status-publish","hentry"],"_links":{"self":[{"href":"https:\/\/soulsmithing.com\/fr\/wp-json\/wp\/v2\/pages\/1377","targetHints":{"allow":["GET"]}}],"collection":[{"href":"https:\/\/soulsmithing.com\/fr\/wp-json\/wp\/v2\/pages"}],"about":[{"href":"https:\/\/soulsmithing.com\/fr\/wp-json\/wp\/v2\/types\/page"}],"author":[{"embeddable":true,"href":"https:\/\/soulsmithing.com\/fr\/wp-json\/wp\/v2\/users\/1"}],"replies":[{"embeddable":true,"href":"https:\/\/soulsmithing.com\/fr\/wp-json\/wp\/v2\/comments?post=1377"}],"version-history":[{"count":4,"href":"https:\/\/soulsmithing.com\/fr\/wp-json\/wp\/v2\/pages\/1377\/revisions"}],"predecessor-version":[{"id":1380,"href":"https:\/\/soulsmithing.com\/fr\/wp-json\/wp\/v2\/pages\/1377\/revisions\/1380"}],"up":[{"embeddable":true,"href":"https:\/\/soulsmithing.com\/fr\/wp-json\/wp\/v2\/pages\/1336"}],"wp:attachment":[{"href":"https:\/\/soulsmithing.com\/fr\/wp-json\/wp\/v2\/media?parent=1377"}],"curies":[{"name":"wp","href":"https:\/\/api.w.org\/{rel}","templated":true}]}}